{"id":872,"date":"2021-05-04T11:33:04","date_gmt":"2021-05-04T11:33:04","guid":{"rendered":"https:\/\/the7.io\/winery\/?page_id=872"},"modified":"2024-11-05T13:27:39","modified_gmt":"2024-11-05T12:27:39","slug":"reserva-de-la-biosfera-donana","status":"publish","type":"page","link":"https:\/\/onucoop.com\/en\/reserva-de-la-biosfera-donana","title":{"rendered":"Do\u00f1ana Biosphere Reserve"},"content":{"rendered":"<div data-elementor-type=\"wp-page\" data-elementor-id=\"872\" class=\"elementor elementor-872\" data-elementor-post-type=\"page\">\n\t\t\t\t\t\t<section class=\"elementor-section elementor-top-section elementor-element elementor-element-a0ddd77 elementor-section-full_width elementor-section-height-min-height elementor-section-items-stretch elementor-section-content-middle elementor-reverse-mobile elementor-section-height-default\" data-id=\"a0ddd77\" data-element_type=\"section\">\n\t\t\t\t\t\t<div class=\"elementor-container elementor-column-gap-no\">\n\t\t\t\t\t<div class=\"elementor-column elementor-col-50 elementor-top-column elementor-element elementor-element-540aa4c\" data-id=\"540aa4c\" data-element_type=\"column\" data-settings=\"{&quot;background_background&quot;:&quot;classic&quot;}\">\n\t\t\t<div class=\"elementor-widget-wrap elementor-element-populated\">\n\t\t\t\t\t\t<div class=\"elementor-element elementor-element-5b76594 elementor-widget elementor-widget-spacer\" data-id=\"5b76594\" data-element_type=\"widget\" data-widget_type=\"spacer.default\">\n\t\t\t\t<div class=\"elementor-widget-container\">\n\t\t\t\t\t\t\t<div class=\"elementor-spacer\">\n\t\t\t<div class=\"elementor-spacer-inner\"><\/div>\n\t\t<\/div>\n\t\t\t\t\t\t<\/div>\n\t\t\t\t<\/div>\n\t\t\t\t\t<\/div>\n\t\t<\/div>\n\t\t\t\t<div class=\"elementor-column elementor-col-50 elementor-top-column elementor-element elementor-element-ea5e483\" data-id=\"ea5e483\" data-element_type=\"column\">\n\t\t\t<div class=\"elementor-widget-wrap elementor-element-populated\">\n\t\t\t\t\t\t<section class=\"elementor-section elementor-inner-section elementor-element elementor-element-b78452d elementor-section-boxed elementor-section-height-default elementor-section-height-default\" data-id=\"b78452d\" data-element_type=\"section\">\n\t\t\t\t\t\t<div class=\"elementor-container elementor-column-gap-wide\">\n\t\t\t\t\t<div class=\"elementor-column elementor-col-100 elementor-inner-column elementor-element elementor-element-6ffef53\" data-id=\"6ffef53\" data-element_type=\"column\">\n\t\t\t<div class=\"elementor-widget-wrap elementor-element-populated\">\n\t\t\t\t\t\t<div class=\"elementor-element elementor-element-5e31bc7 elementor-widget elementor-widget-spacer\" data-id=\"5e31bc7\" data-element_type=\"widget\" data-widget_type=\"spacer.default\">\n\t\t\t\t<div class=\"elementor-widget-container\">\n\t\t\t\t\t\t\t<div class=\"elementor-spacer\">\n\t\t\t<div class=\"elementor-spacer-inner\"><\/div>\n\t\t<\/div>\n\t\t\t\t\t\t<\/div>\n\t\t\t\t<\/div>\n\t\t\t\t<div class=\"elementor-element elementor-element-1fbbdf6 elementor-widget elementor-widget-heading\" data-id=\"1fbbdf6\" data-element_type=\"widget\" data-widget_type=\"heading.default\">\n\t\t\t\t<div class=\"elementor-widget-container\">\n\t\t\t\t\t<h3 class=\"elementor-heading-title elementor-size-default\">Donana Vineyards<\/h3>\t\t\t\t<\/div>\n\t\t\t\t<\/div>\n\t\t\t\t<div class=\"elementor-element elementor-element-e528398 elementor-widget elementor-widget-spacer\" data-id=\"e528398\" data-element_type=\"widget\" data-widget_type=\"spacer.default\">\n\t\t\t\t<div class=\"elementor-widget-container\">\n\t\t\t\t\t\t\t<div class=\"elementor-spacer\">\n\t\t\t<div class=\"elementor-spacer-inner\"><\/div>\n\t\t<\/div>\n\t\t\t\t\t\t<\/div>\n\t\t\t\t<\/div>\n\t\t\t\t<div class=\"elementor-element elementor-element-8436ab2 elementor-widget elementor-widget-text-editor\" data-id=\"8436ab2\" data-element_type=\"widget\" data-widget_type=\"text-editor.default\">\n\t\t\t\t<div class=\"elementor-widget-container\">\n\t\t\t\t\t\t\t\t\t<div><strong>Donana Vineyards<\/strong><\/div><div><strong>100% Do\u00f1ana Biosphere Reserve.<\/strong><\/div><div>\u00a0<\/div><div>Our farmers cultivate 100% of the vines in the Do\u00f1ana Biosphere Reserve, using traditional methods, which contribute to the conservation of this natural space.<\/div>\t\t\t\t\t\t\t\t<\/div>\n\t\t\t\t<\/div>\n\t\t\t\t\t<\/div>\n\t\t<\/div>\n\t\t\t\t\t<\/div>\n\t\t<\/section>\n\t\t\t\t\t<\/div>\n\t\t<\/div>\n\t\t\t\t\t<\/div>\n\t\t<\/section>\n\t\t\t\t<section class=\"elementor-section elementor-top-section elementor-element elementor-element-a55e0e5 elementor-section-full_width elementor-section-height-min-height elementor-section-items-stretch elementor-section-content-middle elementor-section-height-default\" data-id=\"a55e0e5\" data-element_type=\"section\">\n\t\t\t\t\t\t<div class=\"elementor-container elementor-column-gap-no\">\n\t\t\t\t\t<div class=\"elementor-column elementor-col-50 elementor-top-column elementor-element elementor-element-7659275\" data-id=\"7659275\" data-element_type=\"column\">\n\t\t\t<div class=\"elementor-widget-wrap elementor-element-populated\">\n\t\t\t\t\t\t<section class=\"elementor-section elementor-inner-section elementor-element elementor-element-fe4f3ff elementor-section-boxed elementor-section-height-default elementor-section-height-default\" data-id=\"fe4f3ff\" data-element_type=\"section\">\n\t\t\t\t\t\t<div class=\"elementor-container elementor-column-gap-wide\">\n\t\t\t\t\t<div class=\"elementor-column elementor-col-100 elementor-inner-column elementor-element elementor-element-a69de09\" data-id=\"a69de09\" data-element_type=\"column\">\n\t\t\t<div class=\"elementor-widget-wrap elementor-element-populated\">\n\t\t\t\t\t\t<div class=\"elementor-element elementor-element-2ac3568 elementor-widget elementor-widget-heading\" data-id=\"2ac3568\" data-element_type=\"widget\" data-widget_type=\"heading.default\">\n\t\t\t\t<div class=\"elementor-widget-container\">\n\t\t\t\t\t<h3 class=\"elementor-heading-title elementor-size-default\">Protected Natural Space<\/h3>\t\t\t\t<\/div>\n\t\t\t\t<\/div>\n\t\t\t\t<div class=\"elementor-element elementor-element-9ccd27c elementor-widget elementor-widget-spacer\" data-id=\"9ccd27c\" data-element_type=\"widget\" data-widget_type=\"spacer.default\">\n\t\t\t\t<div class=\"elementor-widget-container\">\n\t\t\t\t\t\t\t<div class=\"elementor-spacer\">\n\t\t\t<div class=\"elementor-spacer-inner\"><\/div>\n\t\t<\/div>\n\t\t\t\t\t\t<\/div>\n\t\t\t\t<\/div>\n\t\t\t\t<div class=\"elementor-element elementor-element-51c4915 elementor-widget elementor-widget-text-editor\" data-id=\"51c4915\" data-element_type=\"widget\" data-widget_type=\"text-editor.default\">\n\t\t\t\t<div class=\"elementor-widget-container\">\n\t\t\t\t\t\t\t\t\t<div>The traditional cultivation of the vineyard is the only agrarian alternative that preserves the ecosystems of this <strong>Protected Natural Area.<\/strong><\/div><div>\u00a0<\/div><div>In the Do\u00f1ana geosystem, the vineyard fixes the soils, prevents erosion and thus slows the clogging of streams and channels that flow into the marshes, therefore the disappearance of this crop has a negative impact on the rest of the space.<\/div>\t\t\t\t\t\t\t\t<\/div>\n\t\t\t\t<\/div>\n\t\t\t\t<div class=\"elementor-element elementor-element-030b083 elementor-widget elementor-widget-spacer\" data-id=\"030b083\" data-element_type=\"widget\" data-widget_type=\"spacer.default\">\n\t\t\t\t<div class=\"elementor-widget-container\">\n\t\t\t\t\t\t\t<div class=\"elementor-spacer\">\n\t\t\t<div class=\"elementor-spacer-inner\"><\/div>\n\t\t<\/div>\n\t\t\t\t\t\t<\/div>\n\t\t\t\t<\/div>\n\t\t\t\t\t<\/div>\n\t\t<\/div>\n\t\t\t\t\t<\/div>\n\t\t<\/section>\n\t\t\t\t\t<\/div>\n\t\t<\/div>\n\t\t\t\t<div class=\"elementor-column elementor-col-50 elementor-top-column elementor-element elementor-element-5ff7405\" data-id=\"5ff7405\" data-element_type=\"column\" data-settings=\"{&quot;background_background&quot;:&quot;classic&quot;}\">\n\t\t\t<div class=\"elementor-widget-wrap elementor-element-populated\">\n\t\t\t\t\t\t<div class=\"elementor-element elementor-element-83afcaf elementor-widget elementor-widget-spacer\" data-id=\"83afcaf\" data-element_type=\"widget\" data-widget_type=\"spacer.default\">\n\t\t\t\t<div class=\"elementor-widget-container\">\n\t\t\t\t\t\t\t<div class=\"elementor-spacer\">\n\t\t\t<div class=\"elementor-spacer-inner\"><\/div>\n\t\t<\/div>\n\t\t\t\t\t\t<\/div>\n\t\t\t\t<\/div>\n\t\t\t\t\t<\/div>\n\t\t<\/div>\n\t\t\t\t\t<\/div>\n\t\t<\/section>\n\t\t\t\t<section class=\"elementor-section elementor-top-section elementor-element elementor-element-c2da1f6 elementor-section-full_width elementor-section-height-min-height elementor-section-items-stretch elementor-section-content-middle elementor-reverse-mobile elementor-section-height-default\" data-id=\"c2da1f6\" data-element_type=\"section\">\n\t\t\t\t\t\t<div class=\"elementor-container elementor-column-gap-no\">\n\t\t\t\t\t<div class=\"elementor-column elementor-col-50 elementor-top-column elementor-element elementor-element-0545128\" data-id=\"0545128\" data-element_type=\"column\" data-settings=\"{&quot;background_background&quot;:&quot;classic&quot;}\">\n\t\t\t<div class=\"elementor-widget-wrap elementor-element-populated\">\n\t\t\t\t\t\t<div class=\"elementor-element elementor-element-8e0bdb7 elementor-widget elementor-widget-spacer\" data-id=\"8e0bdb7\" data-element_type=\"widget\" data-widget_type=\"spacer.default\">\n\t\t\t\t<div class=\"elementor-widget-container\">\n\t\t\t\t\t\t\t<div class=\"elementor-spacer\">\n\t\t\t<div class=\"elementor-spacer-inner\"><\/div>\n\t\t<\/div>\n\t\t\t\t\t\t<\/div>\n\t\t\t\t<\/div>\n\t\t\t\t\t<\/div>\n\t\t<\/div>\n\t\t\t\t<div class=\"elementor-column elementor-col-50 elementor-top-column elementor-element elementor-element-993a9f1\" data-id=\"993a9f1\" data-element_type=\"column\">\n\t\t\t<div class=\"elementor-widget-wrap elementor-element-populated\">\n\t\t\t\t\t\t<section class=\"elementor-section elementor-inner-section elementor-element elementor-element-ed15763 elementor-section-boxed elementor-section-height-default elementor-section-height-default\" data-id=\"ed15763\" data-element_type=\"section\">\n\t\t\t\t\t\t<div class=\"elementor-container elementor-column-gap-wide\">\n\t\t\t\t\t<div class=\"elementor-column elementor-col-100 elementor-inner-column elementor-element elementor-element-a88fc36\" data-id=\"a88fc36\" data-element_type=\"column\">\n\t\t\t<div class=\"elementor-widget-wrap elementor-element-populated\">\n\t\t\t\t\t\t<div class=\"elementor-element elementor-element-1bb7f68 elementor-widget elementor-widget-heading\" data-id=\"1bb7f68\" data-element_type=\"widget\" data-widget_type=\"heading.default\">\n\t\t\t\t<div class=\"elementor-widget-container\">\n\t\t\t\t\t<h3 class=\"elementor-heading-title elementor-size-default\">the vid<\/h3>\t\t\t\t<\/div>\n\t\t\t\t<\/div>\n\t\t\t\t<div class=\"elementor-element elementor-element-6e162e1 elementor-widget elementor-widget-spacer\" data-id=\"6e162e1\" data-element_type=\"widget\" data-widget_type=\"spacer.default\">\n\t\t\t\t<div class=\"elementor-widget-container\">\n\t\t\t\t\t\t\t<div class=\"elementor-spacer\">\n\t\t\t<div class=\"elementor-spacer-inner\"><\/div>\n\t\t<\/div>\n\t\t\t\t\t\t<\/div>\n\t\t\t\t<\/div>\n\t\t\t\t<div class=\"elementor-element elementor-element-f059dca elementor-widget elementor-widget-text-editor\" data-id=\"f059dca\" data-element_type=\"widget\" data-widget_type=\"text-editor.default\">\n\t\t\t\t<div class=\"elementor-widget-container\">\n\t\t\t\t\t\t\t\t\t<p>In addition, in the surroundings of forest areas, the vine is distributed in a mosaic that acts as a refuge for <strong>game species<\/strong> and as a firebreak; carrying out a key task as an ecological corridor, facilitating the transit of fauna and favoring biological connectivity between the different agricultural areas and those of the Do\u00f1ana park.<\/p>\t\t\t\t\t\t\t\t<\/div>\n\t\t\t\t<\/div>\n\t\t\t\t<div class=\"elementor-element elementor-element-9b24100 elementor-widget elementor-widget-spacer\" data-id=\"9b24100\" data-element_type=\"widget\" data-widget_type=\"spacer.default\">\n\t\t\t\t<div class=\"elementor-widget-container\">\n\t\t\t\t\t\t\t<div class=\"elementor-spacer\">\n\t\t\t<div class=\"elementor-spacer-inner\"><\/div>\n\t\t<\/div>\n\t\t\t\t\t\t<\/div>\n\t\t\t\t<\/div>\n\t\t\t\t\t<\/div>\n\t\t<\/div>\n\t\t\t\t\t<\/div>\n\t\t<\/section>\n\t\t\t\t\t<\/div>\n\t\t<\/div>\n\t\t\t\t\t<\/div>\n\t\t<\/section>\n\t\t\t\t<\/div>","protected":false},"excerpt":{"rendered":"<p>Vi\u00f1edos de Do\u00f1ana Vi\u00f1edos de Do\u00f1ana100% Reserva de la Biosfera de Do\u00f1ana.\u00a0Nuestros agricultores cultivan el 100% de la vid en la Reserva de la Biosfera de Do\u00f1ana, utilizando m\u00e9todos tradicionales, que contribuyen a la conservaci\u00f3n de este espacio natural. Espacio Natural Protegido El cultivo tradicional del vi\u00f1edo es la \u00fanica alternativa agraria reservadora de los&hellip;<\/p>","protected":false},"author":1,"featured_media":4438,"parent":0,"menu_order":20,"comment_status":"closed","ping_status":"closed","template":"","meta":{"_themeisle_gutenberg_block_has_review":false,"footnotes":""},"class_list":["post-872","page","type-page","status-publish","has-post-thumbnail","hentry"],"yoast_head":"<!-- This site is optimized with the Yoast SEO plugin v25.9 - https:\/\/yoast.com\/wordpress\/plugins\/seo\/ -->\n<title>Reserva de la Biosfera Do\u00f1ana<\/title>\n<meta name=\"robots\" content=\"index, follow, max-snippet:-1, max-image-preview:large, max-video-preview:-1\" \/>\n<link rel=\"canonical\" href=\"https:\/\/onucoop.com\/en\/reserva-de-la-biosfera-donana\/\" \/>\n<meta property=\"og:locale\" content=\"en_GB\" \/>\n<meta property=\"og:type\" content=\"article\" \/>\n<meta property=\"og:title\" content=\"Reserva de la Biosfera Do\u00f1ana\" \/>\n<meta property=\"og:description\" content=\"Vi\u00f1edos de Do\u00f1ana Vi\u00f1edos de Do\u00f1ana100% Reserva de la Biosfera de Do\u00f1ana.\u00a0Nuestros agricultores cultivan el 100% de la vid en la Reserva de la Biosfera de Do\u00f1ana, utilizando m\u00e9todos tradicionales, que contribuyen a la conservaci\u00f3n de este espacio natural. Espacio Natural Protegido El cultivo tradicional del vi\u00f1edo es la \u00fanica alternativa agraria reservadora de los&hellip;\" \/>\n<meta property=\"og:url\" content=\"https:\/\/onucoop.com\/en\/reserva-de-la-biosfera-donana\/\" \/>\n<meta property=\"og:site_name\" content=\"OnuCoop\" \/>\n<meta property=\"article:publisher\" content=\"https:\/\/www.facebook.com\/people\/Onucoop\/100086606406272\/\" \/>\n<meta property=\"article:modified_time\" content=\"2024-11-05T12:27:39+00:00\" \/>\n<meta property=\"og:image\" content=\"https:\/\/onucoop.com\/wp-content\/uploads\/2023\/02\/onucoop-donana.jpg\" \/>\n\t<meta property=\"og:image:width\" content=\"828\" \/>\n\t<meta property=\"og:image:height\" content=\"315\" \/>\n\t<meta property=\"og:image:type\" content=\"image\/jpeg\" \/>\n<meta name=\"twitter:card\" content=\"summary_large_image\" \/>\n<meta name=\"twitter:label1\" content=\"Estimated reading time\" \/>\n\t<meta name=\"twitter:data1\" content=\"1 minute\" \/>\n<script type=\"application\/ld+json\" class=\"yoast-schema-graph\">{\"@context\":\"https:\/\/schema.org\",\"@graph\":[{\"@type\":\"WebPage\",\"@id\":\"https:\/\/onucoop.com\/reserva-de-la-biosfera-donana\",\"url\":\"https:\/\/onucoop.com\/reserva-de-la-biosfera-donana\",\"name\":\"Reserva de la Biosfera Do\u00f1ana\",\"isPartOf\":{\"@id\":\"https:\/\/onucoop.com\/#website\"},\"primaryImageOfPage\":{\"@id\":\"https:\/\/onucoop.com\/reserva-de-la-biosfera-donana#primaryimage\"},\"image\":{\"@id\":\"https:\/\/onucoop.com\/reserva-de-la-biosfera-donana#primaryimage\"},\"thumbnailUrl\":\"https:\/\/onucoop.com\/wp-content\/uploads\/2023\/02\/onucoop-donana.jpg\",\"datePublished\":\"2021-05-04T11:33:04+00:00\",\"dateModified\":\"2024-11-05T12:27:39+00:00\",\"breadcrumb\":{\"@id\":\"https:\/\/onucoop.com\/reserva-de-la-biosfera-donana#breadcrumb\"},\"inLanguage\":\"en-GB\",\"potentialAction\":[{\"@type\":\"ReadAction\",\"target\":[\"https:\/\/onucoop.com\/reserva-de-la-biosfera-donana\"]}]},{\"@type\":\"ImageObject\",\"inLanguage\":\"en-GB\",\"@id\":\"https:\/\/onucoop.com\/reserva-de-la-biosfera-donana#primaryimage\",\"url\":\"https:\/\/onucoop.com\/wp-content\/uploads\/2023\/02\/onucoop-donana.jpg\",\"contentUrl\":\"https:\/\/onucoop.com\/wp-content\/uploads\/2023\/02\/onucoop-donana.jpg\",\"width\":828,\"height\":315},{\"@type\":\"BreadcrumbList\",\"@id\":\"https:\/\/onucoop.com\/reserva-de-la-biosfera-donana#breadcrumb\",\"itemListElement\":[{\"@type\":\"ListItem\",\"position\":1,\"name\":\"Portada\",\"item\":\"https:\/\/onucoop.com\/\"},{\"@type\":\"ListItem\",\"position\":2,\"name\":\"Reserva de la Biosfera Do\u00f1ana\"}]},{\"@type\":\"WebSite\",\"@id\":\"https:\/\/onucoop.com\/#website\",\"url\":\"https:\/\/onucoop.com\/\",\"name\":\"OnuCoop\",\"description\":\"\",\"publisher\":{\"@id\":\"https:\/\/onucoop.com\/#organization\"},\"potentialAction\":[{\"@type\":\"SearchAction\",\"target\":{\"@type\":\"EntryPoint\",\"urlTemplate\":\"https:\/\/onucoop.com\/?s={search_term_string}\"},\"query-input\":{\"@type\":\"PropertyValueSpecification\",\"valueRequired\":true,\"valueName\":\"search_term_string\"}}],\"inLanguage\":\"en-GB\"},{\"@type\":\"Organization\",\"@id\":\"https:\/\/onucoop.com\/#organization\",\"name\":\"OnuCoop, S.C.A\",\"url\":\"https:\/\/onucoop.com\/\",\"logo\":{\"@type\":\"ImageObject\",\"inLanguage\":\"en-GB\",\"@id\":\"https:\/\/onucoop.com\/#\/schema\/logo\/image\/\",\"url\":\"https:\/\/onucoop.com\/wp-content\/uploads\/2023\/02\/212x80_Onucoop-lg-Color-8ca945.png\",\"contentUrl\":\"https:\/\/onucoop.com\/wp-content\/uploads\/2023\/02\/212x80_Onucoop-lg-Color-8ca945.png\",\"width\":212,\"height\":80,\"caption\":\"OnuCoop, S.C.A\"},\"image\":{\"@id\":\"https:\/\/onucoop.com\/#\/schema\/logo\/image\/\"},\"sameAs\":[\"https:\/\/www.facebook.com\/people\/Onucoop\/100086606406272\/\",\"https:\/\/www.linkedin.com\/company\/onucoop\/\"]}]}<\/script>\n<!-- \/ Yoast SEO plugin. -->","yoast_head_json":{"title":"Do\u00f1ana Biosphere Reserve","robots":{"index":"index","follow":"follow","max-snippet":"max-snippet:-1","max-image-preview":"max-image-preview:large","max-video-preview":"max-video-preview:-1"},"canonical":"https:\/\/onucoop.com\/en\/reserva-de-la-biosfera-donana\/","og_locale":"en_GB","og_type":"article","og_title":"Reserva de la Biosfera Do\u00f1ana","og_description":"Vi\u00f1edos de Do\u00f1ana Vi\u00f1edos de Do\u00f1ana100% Reserva de la Biosfera de Do\u00f1ana.\u00a0Nuestros agricultores cultivan el 100% de la vid en la Reserva de la Biosfera de Do\u00f1ana, utilizando m\u00e9todos tradicionales, que contribuyen a la conservaci\u00f3n de este espacio natural. Espacio Natural Protegido El cultivo tradicional del vi\u00f1edo es la \u00fanica alternativa agraria reservadora de los&hellip;","og_url":"https:\/\/onucoop.com\/en\/reserva-de-la-biosfera-donana\/","og_site_name":"OnuCoop","article_publisher":"https:\/\/www.facebook.com\/people\/Onucoop\/100086606406272\/","article_modified_time":"2024-11-05T12:27:39+00:00","og_image":[{"width":828,"height":315,"url":"https:\/\/onucoop.com\/wp-content\/uploads\/2023\/02\/onucoop-donana.jpg","type":"image\/jpeg"}],"twitter_card":"summary_large_image","twitter_misc":{"Estimated reading time":"1 minute"},"schema":{"@context":"https:\/\/schema.org","@graph":[{"@type":"WebPage","@id":"https:\/\/onucoop.com\/reserva-de-la-biosfera-donana","url":"https:\/\/onucoop.com\/reserva-de-la-biosfera-donana","name":"Do\u00f1ana Biosphere Reserve","isPartOf":{"@id":"https:\/\/onucoop.com\/#website"},"primaryImageOfPage":{"@id":"https:\/\/onucoop.com\/reserva-de-la-biosfera-donana#primaryimage"},"image":{"@id":"https:\/\/onucoop.com\/reserva-de-la-biosfera-donana#primaryimage"},"thumbnailUrl":"https:\/\/onucoop.com\/wp-content\/uploads\/2023\/02\/onucoop-donana.jpg","datePublished":"2021-05-04T11:33:04+00:00","dateModified":"2024-11-05T12:27:39+00:00","breadcrumb":{"@id":"https:\/\/onucoop.com\/reserva-de-la-biosfera-donana#breadcrumb"},"inLanguage":"en-GB","potentialAction":[{"@type":"ReadAction","target":["https:\/\/onucoop.com\/reserva-de-la-biosfera-donana"]}]},{"@type":"ImageObject","inLanguage":"en-GB","@id":"https:\/\/onucoop.com\/reserva-de-la-biosfera-donana#primaryimage","url":"https:\/\/onucoop.com\/wp-content\/uploads\/2023\/02\/onucoop-donana.jpg","contentUrl":"https:\/\/onucoop.com\/wp-content\/uploads\/2023\/02\/onucoop-donana.jpg","width":828,"height":315},{"@type":"BreadcrumbList","@id":"https:\/\/onucoop.com\/reserva-de-la-biosfera-donana#breadcrumb","itemListElement":[{"@type":"ListItem","position":1,"name":"Portada","item":"https:\/\/onucoop.com\/"},{"@type":"ListItem","position":2,"name":"Reserva de la Biosfera Do\u00f1ana"}]},{"@type":"WebSite","@id":"https:\/\/onucoop.com\/#website","url":"https:\/\/onucoop.com\/","name":"OnuCoop","description":"","publisher":{"@id":"https:\/\/onucoop.com\/#organization"},"potentialAction":[{"@type":"SearchAction","target":{"@type":"EntryPoint","urlTemplate":"https:\/\/onucoop.com\/?s={search_term_string}"},"query-input":{"@type":"PropertyValueSpecification","valueRequired":true,"valueName":"search_term_string"}}],"inLanguage":"en-GB"},{"@type":"Organization","@id":"https:\/\/onucoop.com\/#organization","name":"OnuCoop, S.C.A","url":"https:\/\/onucoop.com\/","logo":{"@type":"ImageObject","inLanguage":"en-GB","@id":"https:\/\/onucoop.com\/#\/schema\/logo\/image\/","url":"https:\/\/onucoop.com\/wp-content\/uploads\/2023\/02\/212x80_Onucoop-lg-Color-8ca945.png","contentUrl":"https:\/\/onucoop.com\/wp-content\/uploads\/2023\/02\/212x80_Onucoop-lg-Color-8ca945.png","width":212,"height":80,"caption":"OnuCoop, S.C.A"},"image":{"@id":"https:\/\/onucoop.com\/#\/schema\/logo\/image\/"},"sameAs":["https:\/\/www.facebook.com\/people\/Onucoop\/100086606406272\/","https:\/\/www.linkedin.com\/company\/onucoop\/"]}]}},"_links":{"self":[{"href":"https:\/\/onucoop.com\/en\/wp-json\/wp\/v2\/pages\/872","targetHints":{"allow":["GET"]}}],"collection":[{"href":"https:\/\/onucoop.com\/en\/wp-json\/wp\/v2\/pages"}],"about":[{"href":"https:\/\/onucoop.com\/en\/wp-json\/wp\/v2\/types\/page"}],"author":[{"embeddable":true,"href":"https:\/\/onucoop.com\/en\/wp-json\/wp\/v2\/users\/1"}],"replies":[{"embeddable":true,"href":"https:\/\/onucoop.com\/en\/wp-json\/wp\/v2\/comments?post=872"}],"version-history":[{"count":71,"href":"https:\/\/onucoop.com\/en\/wp-json\/wp\/v2\/pages\/872\/revisions"}],"predecessor-version":[{"id":5152,"href":"https:\/\/onucoop.com\/en\/wp-json\/wp\/v2\/pages\/872\/revisions\/5152"}],"wp:featuredmedia":[{"embeddable":true,"href":"https:\/\/onucoop.com\/en\/wp-json\/wp\/v2\/media\/4438"}],"wp:attachment":[{"href":"https:\/\/onucoop.com\/en\/wp-json\/wp\/v2\/media?parent=872"}],"curies":[{"name":"wp","href":"https:\/\/api.w.org\/{rel}","templated":true}]}}