{"id":4081,"date":"2023-01-25T15:27:28","date_gmt":"2023-01-25T15:27:28","guid":{"rendered":"https:\/\/onucoop.com\/?page_id=4081"},"modified":"2023-02-21T16:53:57","modified_gmt":"2023-02-21T15:53:57","slug":"aviso-legal","status":"publish","type":"page","link":"https:\/\/onucoop.com\/en\/aviso-legal","title":{"rendered":"Aviso Legal"},"content":{"rendered":"<div data-elementor-type=\"wp-page\" data-elementor-id=\"4081\" class=\"elementor elementor-4081\" data-elementor-post-type=\"page\">\n\t\t\t\t\t\t<section class=\"elementor-section elementor-top-section elementor-element elementor-element-37dca9e elementor-section-boxed elementor-section-height-default elementor-section-height-default\" data-id=\"37dca9e\" data-element_type=\"section\">\n\t\t\t\t\t\t<div class=\"elementor-container elementor-column-gap-default\">\n\t\t\t\t\t<div class=\"elementor-column elementor-col-100 elementor-top-column elementor-element elementor-element-3083492\" data-id=\"3083492\" data-element_type=\"column\">\n\t\t\t<div class=\"elementor-widget-wrap elementor-element-populated\">\n\t\t\t\t\t\t<div class=\"elementor-element elementor-element-70b0bd3 elementor-widget elementor-widget-text-editor\" data-id=\"70b0bd3\" data-element_type=\"widget\" data-widget_type=\"text-editor.default\">\n\t\t\t\t<div class=\"elementor-widget-container\">\n\t\t\t\t\t\t\t\t\t<p><strong>AVISO LEGAL<\/strong><\/p><p>Informaci\u00f3n general para dar cumplimiento a la ley 34\/2002 (Art\u00edculo 10).<\/p><p>Titular: <strong>ONUCOOP S.C.A.<\/strong><\/p><p>Direcci\u00f3n: <strong>C\/ Alcalde Mora Claros S\/N 21001 &#8211;<\/strong> <strong>Huelva, Espa\u00f1a<\/strong><\/p><p>Contacto: <strong>info@enuvacoop.com o 959XXXXXX<\/strong><\/p><p>Datos registrales: <strong>XXXX<\/strong><\/p><p>CIF: <strong>F21548045<\/strong><\/p><p><strong>1. Consideraciones Previas<\/strong><\/p><p>Las presentes condiciones legales regulan el uso legal permitido de la p\u00e1gina con URL <strong>https:\/\/www.enuvacoop.es<\/strong> cuyo responsable legal es <strong>ONUCOOP S.C.A.<\/strong> Estas condiciones generales regulan el acceso y utilizaci\u00f3n que el propietario de la web pone gratuitamente a disposici\u00f3n de los usuarios de Internet. El acceso a la misma implica su aceptaci\u00f3n sin reservas. La adquisici\u00f3n de productos o servicios se regir\u00e1n, adem\u00e1s, por las condiciones particulares previstas en cada caso, las cuales se entender\u00e1n aceptadas por el mero uso de tales servicios.<\/p><p><strong>2.-Propiedad Intelectual e industrial<\/strong><\/p><p>Los textos, im\u00e1genes, logos, signos distintivos, sonidos, animaciones, v\u00eddeos, c\u00f3digo fuente y resto de contenidos incluidos en este website son propiedad de <strong>ONUCOOP S.C.A.<\/strong>, o dispone en su caso, del derecho de uso de los mismos, y en tal sentido se erigen como obras protegidas por la legislaci\u00f3n de propiedad intelectual e industrial vigentes. Cualquier transmisi\u00f3n, distribuci\u00f3n, reproducci\u00f3n o almacenamiento, total o parcial, de los contenidos almacenados en esta web, queda expresamente prohibido salvo previo y expreso consentimiento del titular. No obstante, los usuarios podr\u00e1n llevar a cabo la reproducci\u00f3n o almacenamiento de los contenidos del website para su exclusivo uso personal, quedando expresa y terminantemente prohibida la reproducci\u00f3n de elementos o contenidos de este website, realizados con \u00e1nimo de lucro o fines comerciales.<\/p><p><strong>3. Condiciones de Acceso<\/strong><\/p><p><strong>ONUCOOP S.C.A.<\/strong>, se reserva la facultad de efectuar, en cualquier momento y sin necesidad de previo aviso, modificaciones y actualizaciones de la informaci\u00f3n contenida en la Web, de la configuraci\u00f3n y presentaci\u00f3n de \u00e9sta, de las condiciones de acceso, condiciones de contrataci\u00f3n. etc.<\/p><p>La empresa responsable de la web no garantiza la inexistencia de interrupciones o errores en el acceso a la p\u00e1gina o a su contenido, ni que \u00e9sta se encuentre actualizada o libre de virus ni de cualquier otro elemento en la que puedan producir alteraciones en su sistema inform\u00e1tico. <strong>ONUCOOP S.C.A.<\/strong> declina cualquier responsabilidad contractual o extracontractual con la persona o empresa que haga uso de ella y tuviera perjuicios de cualquier naturaleza ocasionados por virus inform\u00e1ticos o por elementos inform\u00e1ticos de cualquier \u00edndole. El titular de la web no responder\u00e1 de ninguna consecuencia, da\u00f1o o perjuicio que pudieran derivarse del uso prohibido de la informaci\u00f3n contenida en la misma o de los derivados de los servicios y opiniones efectuados por terceros.<\/p><p><strong>4. Responsabilidad por Links<\/strong><\/p><p>La empresa responsable de la p\u00e1gina web, declina cualquier responsabilidad por los servicios y\/o informaci\u00f3n que se preste en otras p\u00e1ginas enlazadas con esta Web. <strong>ONUCOOP S.C.A.<\/strong> no controla ni ejerce ning\u00fan tipo de supervisi\u00f3n cuando incluye el link a las mismas, con la creencia de que estos contenidos acatan la legislaci\u00f3n aplicable. No obstante, la utilizaci\u00f3n de Links a otras p\u00e1ginas no supone en modo alguno responsabilizarse ni apropiaci\u00f3n del contenido de las mismas, sin que se pueda entender que se produce labor alguna de supervisi\u00f3n ni aprobaci\u00f3n de los cambios o informaciones que se realicen en ellas. Aconsejamos a los visitantes de las mismas actuar con prudencia y consultar las eventuales condiciones legales que se expongan en dichas webs. <strong>ONUCOOP S.C.A.<\/strong> no responde ni se hace cargo de ning\u00fan tipo de responsabilidad por los da\u00f1os y perjuicios que puedan relacionarse con el funcionamiento, disponibilidad y continuidad de los sitios enlazados.<\/p><p><strong>5. Pol\u00edtica de Privacidad<\/strong><\/p><p>En cumplimiento de lo establecido en la Ley Org\u00e1nica 15\/1999, de 13 de diciembre, de Protecci\u00f3n de Datos de Car\u00e1cter Personal, y sus reglamentos de desarrollo, <strong>ONUCOOP S.C.A.<\/strong> le informa que los datos que proporcione a trav\u00e9s de los formularios incluidos en esta p\u00e1gina web, ser\u00e1n incorporados a un fichero automatizado con la finalidad de prestar y ofrecer nuestros servicios, responder a sus consultas, mantenerle informado sobre las promociones presentes o futuras de <strong>ONUCOOP S.C.A.<\/strong>, as\u00ed como el seguimiento comercial y la finalidad estad\u00edstica. Los datos recogidos son almacenados bajo la confidencialidad y las medidas de seguridad legalmente establecidas, y no ser\u00e1n cedidos ni compartidos con empresas ni personas ajenas a <strong>ONUCOOP S.C.A.<\/strong> Igualmente deseamos informarle que podr\u00e1 ejercer los derechos de acceso, rectificaci\u00f3n cancelaci\u00f3n u oposici\u00f3n a trav\u00e9s de los siguientes medios:<\/p><p>&#8211; Email: info@enuvacoop.es<\/p><p>&#8211; Comunicaci\u00f3n escrita al responsable legal del fichero: ONUCOOP S.C.A.\u00a0 &#8211; C\/ ALCALDE MORA CLAROS S\/N, 21001 (HUELVA)<\/p><p><strong>6. Lugar del Contrato y Fuero aplicable<\/strong><\/p><p><strong>ONUCOOP S.C.A.<\/strong> y el usuario, con renuncia expresa a cualquier otro fuero, se someten al de los Juzgados y Tribunales la ciudad de Huelva (Espa\u00f1a) para cualquier controversia que pudiera derivarse del acceso, o uso de esta p\u00e1gina web, entendi\u00e9ndose celebrado el presente contrato electr\u00f3nico en la ciudad de Huelva (Espa\u00f1a).<\/p><p>\u00a0<\/p>\t\t\t\t\t\t\t\t<\/div>\n\t\t\t\t<\/div>\n\t\t\t\t\t<\/div>\n\t\t<\/div>\n\t\t\t\t\t<\/div>\n\t\t<\/section>\n\t\t\t\t<\/div>","protected":false},"excerpt":{"rendered":"<p>AVISO LEGAL Informaci\u00f3n general para dar cumplimiento a la ley 34\/2002 (Art\u00edculo 10). Titular: ONUCOOP S.C.A. Direcci\u00f3n: C\/ Alcalde Mora Claros S\/N 21001 &#8211; Huelva, Espa\u00f1a Contacto: info@enuvacoop.com o 959XXXXXX Datos registrales: XXXX CIF: F21548045 1. Consideraciones Previas Las presentes condiciones legales regulan el uso legal permitido de la p\u00e1gina con URL https:\/\/www.enuvacoop.es cuyo responsable&hellip;<\/p>","protected":false},"author":1,"featured_media":0,"parent":0,"menu_order":0,"comment_status":"closed","ping_status":"closed","template":"","meta":{"_themeisle_gutenberg_block_has_review":false,"footnotes":""},"class_list":["post-4081","page","type-page","status-publish","hentry"],"yoast_head":"<!-- This site is optimized with the Yoast SEO plugin v25.9 - https:\/\/yoast.com\/wordpress\/plugins\/seo\/ -->\n<title>Aviso Legal<\/title>\n<meta name=\"robots\" content=\"index, follow, max-snippet:-1, max-image-preview:large, max-video-preview:-1\" \/>\n<link rel=\"canonical\" href=\"https:\/\/onucoop.com\/en\/aviso-legal\/\" \/>\n<meta property=\"og:locale\" content=\"en_GB\" \/>\n<meta property=\"og:type\" content=\"article\" \/>\n<meta property=\"og:title\" content=\"Aviso Legal\" \/>\n<meta property=\"og:description\" content=\"AVISO LEGAL Informaci\u00f3n general para dar cumplimiento a la ley 34\/2002 (Art\u00edculo 10). Titular: ONUCOOP S.C.A. Direcci\u00f3n: C\/ Alcalde Mora Claros S\/N 21001 &#8211; Huelva, Espa\u00f1a Contacto: info@enuvacoop.com o 959XXXXXX Datos registrales: XXXX CIF: F21548045 1. Consideraciones Previas Las presentes condiciones legales regulan el uso legal permitido de la p\u00e1gina con URL https:\/\/www.enuvacoop.es cuyo responsable&hellip;\" \/>\n<meta property=\"og:url\" content=\"https:\/\/onucoop.com\/en\/aviso-legal\/\" \/>\n<meta property=\"og:site_name\" content=\"OnuCoop\" \/>\n<meta property=\"article:publisher\" content=\"https:\/\/www.facebook.com\/people\/Onucoop\/100086606406272\/\" \/>\n<meta property=\"article:modified_time\" content=\"2023-02-21T15:53:57+00:00\" \/>\n<meta name=\"twitter:card\" content=\"summary_large_image\" \/>\n<meta name=\"twitter:label1\" content=\"Estimated reading time\" \/>\n\t<meta name=\"twitter:data1\" content=\"4 minutes\" \/>\n<script type=\"application\/ld+json\" class=\"yoast-schema-graph\">{\"@context\":\"https:\/\/schema.org\",\"@graph\":[{\"@type\":\"WebPage\",\"@id\":\"https:\/\/onucoop.com\/aviso-legal\",\"url\":\"https:\/\/onucoop.com\/aviso-legal\",\"name\":\"Aviso Legal\",\"isPartOf\":{\"@id\":\"https:\/\/onucoop.com\/#website\"},\"datePublished\":\"2023-01-25T15:27:28+00:00\",\"dateModified\":\"2023-02-21T15:53:57+00:00\",\"breadcrumb\":{\"@id\":\"https:\/\/onucoop.com\/aviso-legal#breadcrumb\"},\"inLanguage\":\"en-GB\",\"potentialAction\":[{\"@type\":\"ReadAction\",\"target\":[\"https:\/\/onucoop.com\/aviso-legal\"]}]},{\"@type\":\"BreadcrumbList\",\"@id\":\"https:\/\/onucoop.com\/aviso-legal#breadcrumb\",\"itemListElement\":[{\"@type\":\"ListItem\",\"position\":1,\"name\":\"Portada\",\"item\":\"https:\/\/onucoop.com\/\"},{\"@type\":\"ListItem\",\"position\":2,\"name\":\"Aviso Legal\"}]},{\"@type\":\"WebSite\",\"@id\":\"https:\/\/onucoop.com\/#website\",\"url\":\"https:\/\/onucoop.com\/\",\"name\":\"OnuCoop\",\"description\":\"\",\"publisher\":{\"@id\":\"https:\/\/onucoop.com\/#organization\"},\"potentialAction\":[{\"@type\":\"SearchAction\",\"target\":{\"@type\":\"EntryPoint\",\"urlTemplate\":\"https:\/\/onucoop.com\/?s={search_term_string}\"},\"query-input\":{\"@type\":\"PropertyValueSpecification\",\"valueRequired\":true,\"valueName\":\"search_term_string\"}}],\"inLanguage\":\"en-GB\"},{\"@type\":\"Organization\",\"@id\":\"https:\/\/onucoop.com\/#organization\",\"name\":\"OnuCoop, S.C.A\",\"url\":\"https:\/\/onucoop.com\/\",\"logo\":{\"@type\":\"ImageObject\",\"inLanguage\":\"en-GB\",\"@id\":\"https:\/\/onucoop.com\/#\/schema\/logo\/image\/\",\"url\":\"https:\/\/onucoop.com\/wp-content\/uploads\/2023\/02\/212x80_Onucoop-lg-Color-8ca945.png\",\"contentUrl\":\"https:\/\/onucoop.com\/wp-content\/uploads\/2023\/02\/212x80_Onucoop-lg-Color-8ca945.png\",\"width\":212,\"height\":80,\"caption\":\"OnuCoop, S.C.A\"},\"image\":{\"@id\":\"https:\/\/onucoop.com\/#\/schema\/logo\/image\/\"},\"sameAs\":[\"https:\/\/www.facebook.com\/people\/Onucoop\/100086606406272\/\",\"https:\/\/www.linkedin.com\/company\/onucoop\/\"]}]}<\/script>\n<!-- \/ Yoast SEO plugin. -->","yoast_head_json":{"title":"Aviso Legal","robots":{"index":"index","follow":"follow","max-snippet":"max-snippet:-1","max-image-preview":"max-image-preview:large","max-video-preview":"max-video-preview:-1"},"canonical":"https:\/\/onucoop.com\/en\/aviso-legal\/","og_locale":"en_GB","og_type":"article","og_title":"Aviso Legal","og_description":"AVISO LEGAL Informaci\u00f3n general para dar cumplimiento a la ley 34\/2002 (Art\u00edculo 10). Titular: ONUCOOP S.C.A. Direcci\u00f3n: C\/ Alcalde Mora Claros S\/N 21001 &#8211; Huelva, Espa\u00f1a Contacto: info@enuvacoop.com o 959XXXXXX Datos registrales: XXXX CIF: F21548045 1. Consideraciones Previas Las presentes condiciones legales regulan el uso legal permitido de la p\u00e1gina con URL https:\/\/www.enuvacoop.es cuyo responsable&hellip;","og_url":"https:\/\/onucoop.com\/en\/aviso-legal\/","og_site_name":"OnuCoop","article_publisher":"https:\/\/www.facebook.com\/people\/Onucoop\/100086606406272\/","article_modified_time":"2023-02-21T15:53:57+00:00","twitter_card":"summary_large_image","twitter_misc":{"Estimated reading time":"4 minutes"},"schema":{"@context":"https:\/\/schema.org","@graph":[{"@type":"WebPage","@id":"https:\/\/onucoop.com\/aviso-legal","url":"https:\/\/onucoop.com\/aviso-legal","name":"Aviso Legal","isPartOf":{"@id":"https:\/\/onucoop.com\/#website"},"datePublished":"2023-01-25T15:27:28+00:00","dateModified":"2023-02-21T15:53:57+00:00","breadcrumb":{"@id":"https:\/\/onucoop.com\/aviso-legal#breadcrumb"},"inLanguage":"en-GB","potentialAction":[{"@type":"ReadAction","target":["https:\/\/onucoop.com\/aviso-legal"]}]},{"@type":"BreadcrumbList","@id":"https:\/\/onucoop.com\/aviso-legal#breadcrumb","itemListElement":[{"@type":"ListItem","position":1,"name":"Portada","item":"https:\/\/onucoop.com\/"},{"@type":"ListItem","position":2,"name":"Aviso Legal"}]},{"@type":"WebSite","@id":"https:\/\/onucoop.com\/#website","url":"https:\/\/onucoop.com\/","name":"OnuCoop","description":"","publisher":{"@id":"https:\/\/onucoop.com\/#organization"},"potentialAction":[{"@type":"SearchAction","target":{"@type":"EntryPoint","urlTemplate":"https:\/\/onucoop.com\/?s={search_term_string}"},"query-input":{"@type":"PropertyValueSpecification","valueRequired":true,"valueName":"search_term_string"}}],"inLanguage":"en-GB"},{"@type":"Organization","@id":"https:\/\/onucoop.com\/#organization","name":"OnuCoop, S.C.A","url":"https:\/\/onucoop.com\/","logo":{"@type":"ImageObject","inLanguage":"en-GB","@id":"https:\/\/onucoop.com\/#\/schema\/logo\/image\/","url":"https:\/\/onucoop.com\/wp-content\/uploads\/2023\/02\/212x80_Onucoop-lg-Color-8ca945.png","contentUrl":"https:\/\/onucoop.com\/wp-content\/uploads\/2023\/02\/212x80_Onucoop-lg-Color-8ca945.png","width":212,"height":80,"caption":"OnuCoop, S.C.A"},"image":{"@id":"https:\/\/onucoop.com\/#\/schema\/logo\/image\/"},"sameAs":["https:\/\/www.facebook.com\/people\/Onucoop\/100086606406272\/","https:\/\/www.linkedin.com\/company\/onucoop\/"]}]}},"_links":{"self":[{"href":"https:\/\/onucoop.com\/en\/wp-json\/wp\/v2\/pages\/4081","targetHints":{"allow":["GET"]}}],"collection":[{"href":"https:\/\/onucoop.com\/en\/wp-json\/wp\/v2\/pages"}],"about":[{"href":"https:\/\/onucoop.com\/en\/wp-json\/wp\/v2\/types\/page"}],"author":[{"embeddable":true,"href":"https:\/\/onucoop.com\/en\/wp-json\/wp\/v2\/users\/1"}],"replies":[{"embeddable":true,"href":"https:\/\/onucoop.com\/en\/wp-json\/wp\/v2\/comments?post=4081"}],"version-history":[{"count":9,"href":"https:\/\/onucoop.com\/en\/wp-json\/wp\/v2\/pages\/4081\/revisions"}],"predecessor-version":[{"id":4642,"href":"https:\/\/onucoop.com\/en\/wp-json\/wp\/v2\/pages\/4081\/revisions\/4642"}],"wp:attachment":[{"href":"https:\/\/onucoop.com\/en\/wp-json\/wp\/v2\/media?parent=4081"}],"curies":[{"name":"wp","href":"https:\/\/api.w.org\/{rel}","templated":true}]}}