{"id":3915,"date":"2022-12-19T09:57:18","date_gmt":"2022-12-19T09:57:18","guid":{"rendered":"https:\/\/onucoop.com\/?page_id=3915"},"modified":"2024-11-05T13:22:41","modified_gmt":"2024-11-05T12:22:41","slug":"nuestras-bodegas","status":"publish","type":"page","link":"https:\/\/onucoop.com\/en\/nuestras-bodegas","title":{"rendered":"Our Wineries"},"content":{"rendered":"<div data-elementor-type=\"wp-page\" data-elementor-id=\"3915\" class=\"elementor elementor-3915\" data-elementor-post-type=\"page\">\n\t\t\t\t\t\t<section class=\"elementor-section elementor-top-section elementor-element elementor-element-70087e0a elementor-section-full_width elementor-section-height-min-height elementor-section-items-stretch elementor-section-content-middle elementor-section-height-default\" data-id=\"70087e0a\" data-element_type=\"section\">\n\t\t\t\t\t\t<div class=\"elementor-container elementor-column-gap-no\">\n\t\t\t\t\t<div class=\"elementor-column elementor-col-25 elementor-top-column elementor-element elementor-element-ab92a68\" data-id=\"ab92a68\" data-element_type=\"column\">\n\t\t\t<div class=\"elementor-widget-wrap elementor-element-populated\">\n\t\t\t\t\t\t<div class=\"elementor-element elementor-element-b17c6a9 elementor-cta--skin-cover elementor-cta--valign-bottom anchor-link elementor-widget elementor-widget-call-to-action\" data-id=\"b17c6a9\" data-element_type=\"widget\" data-widget_type=\"call-to-action.default\">\n\t\t\t\t<div class=\"elementor-widget-container\">\n\t\t\t\t\t\t\t<a class=\"elementor-cta\" href=\"https:\/\/www.raigal.es\" target=\"_blank\">\n\t\t\t\t\t<div class=\"elementor-cta__bg-wrapper\">\n\t\t\t\t<div class=\"elementor-cta__bg elementor-bg\" style=\"background-image: url(https:\/\/onucoop.com\/wp-content\/uploads\/2022\/11\/Onucoop-imagenes-1500x1000-8.jpg);\" role=\"img\" aria-label=\"Onucoop imagenes 1500x1000-8\"><\/div>\n\t\t\t\t<div class=\"elementor-cta__bg-overlay\"><\/div>\n\t\t\t<\/div>\n\t\t\t\t\t\t\t<div class=\"elementor-cta__content\">\n\t\t\t\t\n\t\t\t\t\t\t\t\t\t<h2 class=\"elementor-cta__title elementor-cta__content-item elementor-content-item\">\n\t\t\t\t\t\tALMONTE\t\t\t\t\t<\/h2>\n\t\t\t\t\n\t\t\t\t\n\t\t\t\t\t\t\t\t\t<div class=\"elementor-cta__button-wrapper elementor-cta__content-item elementor-content-item\">\n\t\t\t\t\t<span class=\"elementor-cta__button elementor-button elementor-size-\">\n\t\t\t\t\t\tRead more\t\t\t\t\t<\/span>\n\t\t\t\t\t<\/div>\n\t\t\t\t\t\t\t<\/div>\n\t\t\t\t\t\t<\/a>\n\t\t\t\t\t\t<\/div>\n\t\t\t\t<\/div>\n\t\t\t\t\t<\/div>\n\t\t<\/div>\n\t\t\t\t<div class=\"elementor-column elementor-col-25 elementor-top-column elementor-element elementor-element-ef13e3b\" data-id=\"ef13e3b\" data-element_type=\"column\">\n\t\t\t<div class=\"elementor-widget-wrap elementor-element-populated\">\n\t\t\t\t\t\t<div class=\"elementor-element elementor-element-78b010b elementor-cta--skin-cover elementor-cta--valign-bottom anchor-link elementor-widget elementor-widget-call-to-action\" data-id=\"78b010b\" data-element_type=\"widget\" data-widget_type=\"call-to-action.default\">\n\t\t\t\t<div class=\"elementor-widget-container\">\n\t\t\t\t\t\t\t<a class=\"elementor-cta\" href=\"https:\/\/www.bodegasdelsocorro.com\" target=\"_blank\">\n\t\t\t\t\t<div class=\"elementor-cta__bg-wrapper\">\n\t\t\t\t<div class=\"elementor-cta__bg elementor-bg\" style=\"background-image: url(https:\/\/onucoop.com\/wp-content\/uploads\/2022\/11\/Onucoop-imagenes-1500x1000-7.jpg);\" role=\"img\" aria-label=\"Onucoop imagenes 1500x1000-7\"><\/div>\n\t\t\t\t<div class=\"elementor-cta__bg-overlay\"><\/div>\n\t\t\t<\/div>\n\t\t\t\t\t\t\t<div class=\"elementor-cta__content\">\n\t\t\t\t\n\t\t\t\t\t\t\t\t\t<h2 class=\"elementor-cta__title elementor-cta__content-item elementor-content-item\">\n\t\t\t\t\t\tROCIANA\t\t\t\t\t<\/h2>\n\t\t\t\t\n\t\t\t\t\n\t\t\t\t\t\t\t\t\t<div class=\"elementor-cta__button-wrapper elementor-cta__content-item elementor-content-item\">\n\t\t\t\t\t<span class=\"elementor-cta__button elementor-button elementor-size-\">\n\t\t\t\t\t\tRead more\t\t\t\t\t<\/span>\n\t\t\t\t\t<\/div>\n\t\t\t\t\t\t\t<\/div>\n\t\t\t\t\t\t<\/a>\n\t\t\t\t\t\t<\/div>\n\t\t\t\t<\/div>\n\t\t\t\t\t<\/div>\n\t\t<\/div>\n\t\t\t\t<div class=\"elementor-column elementor-col-25 elementor-top-column elementor-element elementor-element-77e4dab9\" data-id=\"77e4dab9\" data-element_type=\"column\">\n\t\t\t<div class=\"elementor-widget-wrap elementor-element-populated\">\n\t\t\t\t\t\t<div class=\"elementor-element elementor-element-73bee811 elementor-cta--skin-cover elementor-cta--valign-bottom anchor-link elementor-widget elementor-widget-call-to-action\" data-id=\"73bee811\" data-element_type=\"widget\" data-widget_type=\"call-to-action.default\">\n\t\t\t\t<div class=\"elementor-widget-container\">\n\t\t\t\t\t\t\t<a class=\"elementor-cta\" href=\"https:\/\/www.vinicoladelcondado.com\/\" target=\"_blank\">\n\t\t\t\t\t<div class=\"elementor-cta__bg-wrapper\">\n\t\t\t\t<div class=\"elementor-cta__bg elementor-bg\" style=\"background-image: url(https:\/\/onucoop.com\/wp-content\/uploads\/2021\/05\/w013.jpg);\" role=\"img\" aria-label=\"w013\"><\/div>\n\t\t\t\t<div class=\"elementor-cta__bg-overlay\"><\/div>\n\t\t\t<\/div>\n\t\t\t\t\t\t\t<div class=\"elementor-cta__content\">\n\t\t\t\t\n\t\t\t\t\t\t\t\t\t<h2 class=\"elementor-cta__title elementor-cta__content-item elementor-content-item\">\n\t\t\t\t\t\tBOLLULLOS\t\t\t\t\t<\/h2>\n\t\t\t\t\n\t\t\t\t\n\t\t\t\t\t\t\t\t\t<div class=\"elementor-cta__button-wrapper elementor-cta__content-item elementor-content-item\">\n\t\t\t\t\t<span class=\"elementor-cta__button elementor-button elementor-size-\">\n\t\t\t\t\t\tRead more\t\t\t\t\t<\/span>\n\t\t\t\t\t<\/div>\n\t\t\t\t\t\t\t<\/div>\n\t\t\t\t\t\t<\/a>\n\t\t\t\t\t\t<\/div>\n\t\t\t\t<\/div>\n\t\t\t\t\t<\/div>\n\t\t<\/div>\n\t\t\t\t<div class=\"elementor-column elementor-col-25 elementor-top-column elementor-element elementor-element-490d573f\" data-id=\"490d573f\" data-element_type=\"column\">\n\t\t\t<div class=\"elementor-widget-wrap elementor-element-populated\">\n\t\t\t\t\t\t<div class=\"elementor-element elementor-element-6ff2ad2e elementor-cta--skin-cover elementor-cta--valign-bottom anchor-link elementor-widget elementor-widget-call-to-action\" data-id=\"6ff2ad2e\" data-element_type=\"widget\" data-widget_type=\"call-to-action.default\">\n\t\t\t\t<div class=\"elementor-widget-container\">\n\t\t\t\t\t\t\t<div class=\"elementor-cta\">\n\t\t\t\t\t<div class=\"elementor-cta__bg-wrapper\">\n\t\t\t\t<div class=\"elementor-cta__bg elementor-bg\" style=\"background-image: url(https:\/\/onucoop.com\/wp-content\/uploads\/2022\/11\/Onucoop-imagenes-1500x1000-5.jpg);\" role=\"img\" aria-label=\"Onucoop imagenes 1500x1000-5\"><\/div>\n\t\t\t\t<div class=\"elementor-cta__bg-overlay\"><\/div>\n\t\t\t<\/div>\n\t\t\t\t\t\t\t<div class=\"elementor-cta__content\">\n\t\t\t\t\n\t\t\t\t\t\t\t\t\t<h2 class=\"elementor-cta__title elementor-cta__content-item elementor-content-item\">\n\t\t\t\t\t\tCHUCENA\t\t\t\t\t<\/h2>\n\t\t\t\t\n\t\t\t\t\n\t\t\t\t\t\t\t\t\t<div class=\"elementor-cta__button-wrapper elementor-cta__content-item elementor-content-item\">\n\t\t\t\t\t<a class=\"elementor-cta__button elementor-button elementor-size-\" href=\"https:\/\/www.vinodechucena.es\" target=\"_blank\">\n\t\t\t\t\t\tRead more\t\t\t\t\t<\/a>\n\t\t\t\t\t<\/div>\n\t\t\t\t\t\t\t<\/div>\n\t\t\t\t\t\t<\/div>\n\t\t\t\t\t\t<\/div>\n\t\t\t\t<\/div>\n\t\t\t\t\t<\/div>\n\t\t<\/div>\n\t\t\t\t\t<\/div>\n\t\t<\/section>\n\t\t\t\t<\/div>","protected":false},"excerpt":{"rendered":"<p>ALMONTE Leer m\u00e1s ROCIANA Leer m\u00e1s BOLLULLOS Ver web CHUCENA Leer m\u00e1s<\/p>","protected":false},"author":1,"featured_media":47,"parent":0,"menu_order":0,"comment_status":"closed","ping_status":"closed","template":"","meta":{"_themeisle_gutenberg_block_has_review":false,"footnotes":""},"class_list":["post-3915","page","type-page","status-publish","has-post-thumbnail","hentry"],"yoast_head":"<!-- This site is optimized with the Yoast SEO plugin v25.9 - https:\/\/yoast.com\/wordpress\/plugins\/seo\/ -->\n<title>Nuestras Bodegas<\/title>\n<meta name=\"robots\" content=\"index, follow, max-snippet:-1, max-image-preview:large, max-video-preview:-1\" \/>\n<link rel=\"canonical\" href=\"https:\/\/onucoop.com\/en\/nuestras-bodegas\/\" \/>\n<meta property=\"og:locale\" content=\"en_GB\" \/>\n<meta property=\"og:type\" content=\"article\" \/>\n<meta property=\"og:title\" content=\"Nuestras Bodegas\" \/>\n<meta property=\"og:description\" content=\"ALMONTE Leer m\u00e1s ROCIANA Leer m\u00e1s BOLLULLOS Ver web CHUCENA Leer m\u00e1s\" \/>\n<meta property=\"og:url\" content=\"https:\/\/onucoop.com\/en\/nuestras-bodegas\/\" \/>\n<meta property=\"og:site_name\" content=\"OnuCoop\" \/>\n<meta property=\"article:publisher\" content=\"https:\/\/www.facebook.com\/people\/Onucoop\/100086606406272\/\" \/>\n<meta property=\"article:modified_time\" content=\"2024-11-05T12:22:41+00:00\" \/>\n<meta property=\"og:image\" content=\"https:\/\/onucoop.com\/wp-content\/uploads\/2021\/05\/w034.jpg\" \/>\n\t<meta property=\"og:image:width\" content=\"1500\" \/>\n\t<meta property=\"og:image:height\" content=\"1000\" \/>\n\t<meta property=\"og:image:type\" content=\"image\/jpeg\" \/>\n<meta name=\"twitter:card\" content=\"summary_large_image\" \/>\n<meta name=\"twitter:label1\" content=\"Estimated reading time\" \/>\n\t<meta name=\"twitter:data1\" content=\"1 minute\" \/>\n<script type=\"application\/ld+json\" class=\"yoast-schema-graph\">{\"@context\":\"https:\/\/schema.org\",\"@graph\":[{\"@type\":\"WebPage\",\"@id\":\"https:\/\/onucoop.com\/nuestras-bodegas\",\"url\":\"https:\/\/onucoop.com\/nuestras-bodegas\",\"name\":\"Nuestras Bodegas\",\"isPartOf\":{\"@id\":\"https:\/\/onucoop.com\/#website\"},\"primaryImageOfPage\":{\"@id\":\"https:\/\/onucoop.com\/nuestras-bodegas#primaryimage\"},\"image\":{\"@id\":\"https:\/\/onucoop.com\/nuestras-bodegas#primaryimage\"},\"thumbnailUrl\":\"https:\/\/onucoop.com\/wp-content\/uploads\/2021\/05\/w034.jpg\",\"datePublished\":\"2022-12-19T09:57:18+00:00\",\"dateModified\":\"2024-11-05T12:22:41+00:00\",\"breadcrumb\":{\"@id\":\"https:\/\/onucoop.com\/nuestras-bodegas#breadcrumb\"},\"inLanguage\":\"en-GB\",\"potentialAction\":[{\"@type\":\"ReadAction\",\"target\":[\"https:\/\/onucoop.com\/nuestras-bodegas\"]}]},{\"@type\":\"ImageObject\",\"inLanguage\":\"en-GB\",\"@id\":\"https:\/\/onucoop.com\/nuestras-bodegas#primaryimage\",\"url\":\"https:\/\/onucoop.com\/wp-content\/uploads\/2021\/05\/w034.jpg\",\"contentUrl\":\"https:\/\/onucoop.com\/wp-content\/uploads\/2021\/05\/w034.jpg\",\"width\":1500,\"height\":1000},{\"@type\":\"BreadcrumbList\",\"@id\":\"https:\/\/onucoop.com\/nuestras-bodegas#breadcrumb\",\"itemListElement\":[{\"@type\":\"ListItem\",\"position\":1,\"name\":\"Portada\",\"item\":\"https:\/\/onucoop.com\/\"},{\"@type\":\"ListItem\",\"position\":2,\"name\":\"Nuestras Bodegas\"}]},{\"@type\":\"WebSite\",\"@id\":\"https:\/\/onucoop.com\/#website\",\"url\":\"https:\/\/onucoop.com\/\",\"name\":\"OnuCoop\",\"description\":\"\",\"publisher\":{\"@id\":\"https:\/\/onucoop.com\/#organization\"},\"potentialAction\":[{\"@type\":\"SearchAction\",\"target\":{\"@type\":\"EntryPoint\",\"urlTemplate\":\"https:\/\/onucoop.com\/?s={search_term_string}\"},\"query-input\":{\"@type\":\"PropertyValueSpecification\",\"valueRequired\":true,\"valueName\":\"search_term_string\"}}],\"inLanguage\":\"en-GB\"},{\"@type\":\"Organization\",\"@id\":\"https:\/\/onucoop.com\/#organization\",\"name\":\"OnuCoop, S.C.A\",\"url\":\"https:\/\/onucoop.com\/\",\"logo\":{\"@type\":\"ImageObject\",\"inLanguage\":\"en-GB\",\"@id\":\"https:\/\/onucoop.com\/#\/schema\/logo\/image\/\",\"url\":\"https:\/\/onucoop.com\/wp-content\/uploads\/2023\/02\/212x80_Onucoop-lg-Color-8ca945.png\",\"contentUrl\":\"https:\/\/onucoop.com\/wp-content\/uploads\/2023\/02\/212x80_Onucoop-lg-Color-8ca945.png\",\"width\":212,\"height\":80,\"caption\":\"OnuCoop, S.C.A\"},\"image\":{\"@id\":\"https:\/\/onucoop.com\/#\/schema\/logo\/image\/\"},\"sameAs\":[\"https:\/\/www.facebook.com\/people\/Onucoop\/100086606406272\/\",\"https:\/\/www.linkedin.com\/company\/onucoop\/\"]}]}<\/script>\n<!-- \/ Yoast SEO plugin. -->","yoast_head_json":{"title":"Our Wineries","robots":{"index":"index","follow":"follow","max-snippet":"max-snippet:-1","max-image-preview":"max-image-preview:large","max-video-preview":"max-video-preview:-1"},"canonical":"https:\/\/onucoop.com\/en\/nuestras-bodegas\/","og_locale":"en_GB","og_type":"article","og_title":"Nuestras Bodegas","og_description":"ALMONTE Leer m\u00e1s ROCIANA Leer m\u00e1s BOLLULLOS Ver web CHUCENA Leer m\u00e1s","og_url":"https:\/\/onucoop.com\/en\/nuestras-bodegas\/","og_site_name":"OnuCoop","article_publisher":"https:\/\/www.facebook.com\/people\/Onucoop\/100086606406272\/","article_modified_time":"2024-11-05T12:22:41+00:00","og_image":[{"width":1500,"height":1000,"url":"https:\/\/onucoop.com\/wp-content\/uploads\/2021\/05\/w034.jpg","type":"image\/jpeg"}],"twitter_card":"summary_large_image","twitter_misc":{"Estimated reading time":"1 minute"},"schema":{"@context":"https:\/\/schema.org","@graph":[{"@type":"WebPage","@id":"https:\/\/onucoop.com\/nuestras-bodegas","url":"https:\/\/onucoop.com\/nuestras-bodegas","name":"Our Wineries","isPartOf":{"@id":"https:\/\/onucoop.com\/#website"},"primaryImageOfPage":{"@id":"https:\/\/onucoop.com\/nuestras-bodegas#primaryimage"},"image":{"@id":"https:\/\/onucoop.com\/nuestras-bodegas#primaryimage"},"thumbnailUrl":"https:\/\/onucoop.com\/wp-content\/uploads\/2021\/05\/w034.jpg","datePublished":"2022-12-19T09:57:18+00:00","dateModified":"2024-11-05T12:22:41+00:00","breadcrumb":{"@id":"https:\/\/onucoop.com\/nuestras-bodegas#breadcrumb"},"inLanguage":"en-GB","potentialAction":[{"@type":"ReadAction","target":["https:\/\/onucoop.com\/nuestras-bodegas"]}]},{"@type":"ImageObject","inLanguage":"en-GB","@id":"https:\/\/onucoop.com\/nuestras-bodegas#primaryimage","url":"https:\/\/onucoop.com\/wp-content\/uploads\/2021\/05\/w034.jpg","contentUrl":"https:\/\/onucoop.com\/wp-content\/uploads\/2021\/05\/w034.jpg","width":1500,"height":1000},{"@type":"BreadcrumbList","@id":"https:\/\/onucoop.com\/nuestras-bodegas#breadcrumb","itemListElement":[{"@type":"ListItem","position":1,"name":"Portada","item":"https:\/\/onucoop.com\/"},{"@type":"ListItem","position":2,"name":"Nuestras Bodegas"}]},{"@type":"WebSite","@id":"https:\/\/onucoop.com\/#website","url":"https:\/\/onucoop.com\/","name":"OnuCoop","description":"","publisher":{"@id":"https:\/\/onucoop.com\/#organization"},"potentialAction":[{"@type":"SearchAction","target":{"@type":"EntryPoint","urlTemplate":"https:\/\/onucoop.com\/?s={search_term_string}"},"query-input":{"@type":"PropertyValueSpecification","valueRequired":true,"valueName":"search_term_string"}}],"inLanguage":"en-GB"},{"@type":"Organization","@id":"https:\/\/onucoop.com\/#organization","name":"OnuCoop, S.C.A","url":"https:\/\/onucoop.com\/","logo":{"@type":"ImageObject","inLanguage":"en-GB","@id":"https:\/\/onucoop.com\/#\/schema\/logo\/image\/","url":"https:\/\/onucoop.com\/wp-content\/uploads\/2023\/02\/212x80_Onucoop-lg-Color-8ca945.png","contentUrl":"https:\/\/onucoop.com\/wp-content\/uploads\/2023\/02\/212x80_Onucoop-lg-Color-8ca945.png","width":212,"height":80,"caption":"OnuCoop, S.C.A"},"image":{"@id":"https:\/\/onucoop.com\/#\/schema\/logo\/image\/"},"sameAs":["https:\/\/www.facebook.com\/people\/Onucoop\/100086606406272\/","https:\/\/www.linkedin.com\/company\/onucoop\/"]}]}},"_links":{"self":[{"href":"https:\/\/onucoop.com\/en\/wp-json\/wp\/v2\/pages\/3915","targetHints":{"allow":["GET"]}}],"collection":[{"href":"https:\/\/onucoop.com\/en\/wp-json\/wp\/v2\/pages"}],"about":[{"href":"https:\/\/onucoop.com\/en\/wp-json\/wp\/v2\/types\/page"}],"author":[{"embeddable":true,"href":"https:\/\/onucoop.com\/en\/wp-json\/wp\/v2\/users\/1"}],"replies":[{"embeddable":true,"href":"https:\/\/onucoop.com\/en\/wp-json\/wp\/v2\/comments?post=3915"}],"version-history":[{"count":92,"href":"https:\/\/onucoop.com\/en\/wp-json\/wp\/v2\/pages\/3915\/revisions"}],"predecessor-version":[{"id":5140,"href":"https:\/\/onucoop.com\/en\/wp-json\/wp\/v2\/pages\/3915\/revisions\/5140"}],"wp:featuredmedia":[{"embeddable":true,"href":"https:\/\/onucoop.com\/en\/wp-json\/wp\/v2\/media\/47"}],"wp:attachment":[{"href":"https:\/\/onucoop.com\/en\/wp-json\/wp\/v2\/media?parent=3915"}],"curies":[{"name":"wp","href":"https:\/\/api.w.org\/{rel}","templated":true}]}}